{"id":1458,"date":"2023-03-27T16:45:13","date_gmt":"2023-03-27T14:45:13","guid":{"rendered":"https:\/\/omega-gestion.fr\/?page_id=1458"},"modified":"2023-04-04T10:53:26","modified_gmt":"2023-04-04T08:53:26","slug":"mentions-legales","status":"publish","type":"page","link":"https:\/\/omega-gestion.fr\/?page_id=1458","title":{"rendered":"Mentions l\u00e9gales"},"content":{"rendered":"\t\t<div data-elementor-type=\"wp-page\" data-elementor-id=\"1458\" class=\"elementor elementor-1458\">\n\t\t\t\t\t\t\t\t\t<section class=\"elementor-section elementor-top-section elementor-element elementor-element-e655371 elementor-section-boxed elementor-section-height-default elementor-section-height-default\" data-id=\"e655371\" data-element_type=\"section\">\n\t\t\t\t\t\t<div class=\"elementor-container elementor-column-gap-default\">\n\t\t\t\t\t<div class=\"elementor-column elementor-col-100 elementor-top-column elementor-element elementor-element-aacbdd7\" data-id=\"aacbdd7\" data-element_type=\"column\">\n\t\t\t<div class=\"elementor-widget-wrap elementor-element-populated\">\n\t\t\t\t\t\t\t\t<div class=\"elementor-element elementor-element-bdaf648 elementor-widget elementor-widget-heading\" data-id=\"bdaf648\" data-element_type=\"widget\" data-widget_type=\"heading.default\">\n\t\t\t\t<div class=\"elementor-widget-container\">\n\t\t\t<style>\/*! elementor - v3.12.1 - 02-04-2023 *\/\n.elementor-heading-title{padding:0;margin:0;line-height:1}.elementor-widget-heading .elementor-heading-title[class*=elementor-size-]>a{color:inherit;font-size:inherit;line-height:inherit}.elementor-widget-heading .elementor-heading-title.elementor-size-small{font-size:15px}.elementor-widget-heading .elementor-heading-title.elementor-size-medium{font-size:19px}.elementor-widget-heading .elementor-heading-title.elementor-size-large{font-size:29px}.elementor-widget-heading .elementor-heading-title.elementor-size-xl{font-size:39px}.elementor-widget-heading .elementor-heading-title.elementor-size-xxl{font-size:59px}<\/style><h2 class=\"elementor-heading-title elementor-size-default\">MENTIONS L\u00c9GALES <\/h2>\t\t<\/div>\n\t\t\t\t<\/div>\n\t\t\t\t\t<\/div>\n\t\t<\/div>\n\t\t\t\t\t\t\t<\/div>\n\t\t<\/section>\n\t\t\t\t<section class=\"elementor-section elementor-top-section elementor-element elementor-element-a722791 elementor-section-boxed elementor-section-height-default elementor-section-height-default\" data-id=\"a722791\" data-element_type=\"section\">\n\t\t\t\t\t\t<div class=\"elementor-container elementor-column-gap-default\">\n\t\t\t\t\t<div class=\"elementor-column elementor-col-100 elementor-top-column elementor-element elementor-element-fd81016\" data-id=\"fd81016\" data-element_type=\"column\">\n\t\t\t<div class=\"elementor-widget-wrap elementor-element-populated\">\n\t\t\t\t\t\t\t\t<div class=\"elementor-element elementor-element-cbe0232 elementor-widget elementor-widget-spacer\" data-id=\"cbe0232\" data-element_type=\"widget\" data-widget_type=\"spacer.default\">\n\t\t\t\t<div class=\"elementor-widget-container\">\n\t\t\t<style>\/*! elementor - v3.12.1 - 02-04-2023 *\/\n.elementor-column .elementor-spacer-inner{height:var(--spacer-size)}.e-con{--container-widget-width:100%}.e-con-inner>.elementor-widget-spacer,.e-con>.elementor-widget-spacer{width:var(--container-widget-width,var(--spacer-size));--align-self:var(--container-widget-align-self,initial);--flex-shrink:0}.e-con-inner>.elementor-widget-spacer>.elementor-widget-container,.e-con-inner>.elementor-widget-spacer>.elementor-widget-container>.elementor-spacer,.e-con>.elementor-widget-spacer>.elementor-widget-container,.e-con>.elementor-widget-spacer>.elementor-widget-container>.elementor-spacer{height:100%}.e-con-inner>.elementor-widget-spacer>.elementor-widget-container>.elementor-spacer>.elementor-spacer-inner,.e-con>.elementor-widget-spacer>.elementor-widget-container>.elementor-spacer>.elementor-spacer-inner{height:var(--container-widget-height,var(--spacer-size))}<\/style>\t\t<div class=\"elementor-spacer\">\n\t\t\t<div class=\"elementor-spacer-inner\"><\/div>\n\t\t<\/div>\n\t\t\t\t<\/div>\n\t\t\t\t<\/div>\n\t\t\t\t\t<\/div>\n\t\t<\/div>\n\t\t\t\t\t\t\t<\/div>\n\t\t<\/section>\n\t\t\t\t<section class=\"elementor-section elementor-top-section elementor-element elementor-element-0bb50df elementor-section-boxed elementor-section-height-default elementor-section-height-default\" data-id=\"0bb50df\" data-element_type=\"section\">\n\t\t\t\t\t\t<div class=\"elementor-container elementor-column-gap-default\">\n\t\t\t\t\t<div class=\"elementor-column elementor-col-100 elementor-top-column elementor-element elementor-element-27806ce\" data-id=\"27806ce\" data-element_type=\"column\">\n\t\t\t<div class=\"elementor-widget-wrap elementor-element-populated\">\n\t\t\t\t\t\t\t\t<div class=\"elementor-element elementor-element-876913e elementor-widget elementor-widget-heading\" data-id=\"876913e\" data-element_type=\"widget\" data-widget_type=\"heading.default\">\n\t\t\t\t<div class=\"elementor-widget-container\">\n\t\t\t<h2 class=\"elementor-heading-title elementor-size-default\">PR\u00c9SENTATION DU SITE<\/h2>\t\t<\/div>\n\t\t\t\t<\/div>\n\t\t\t\t\t<\/div>\n\t\t<\/div>\n\t\t\t\t\t\t\t<\/div>\n\t\t<\/section>\n\t\t\t\t<section class=\"elementor-section elementor-top-section elementor-element elementor-element-3807a9a elementor-section-boxed elementor-section-height-default elementor-section-height-default\" data-id=\"3807a9a\" data-element_type=\"section\">\n\t\t\t\t\t\t<div class=\"elementor-container elementor-column-gap-default\">\n\t\t\t\t\t<div class=\"elementor-column elementor-col-100 elementor-top-column elementor-element elementor-element-b88cac4\" data-id=\"b88cac4\" data-element_type=\"column\">\n\t\t\t<div class=\"elementor-widget-wrap elementor-element-populated\">\n\t\t\t\t\t\t\t\t<div class=\"elementor-element elementor-element-be75db5 elementor-widget elementor-widget-text-editor\" data-id=\"be75db5\" data-element_type=\"widget\" data-widget_type=\"text-editor.default\">\n\t\t\t\t<div class=\"elementor-widget-container\">\n\t\t\t<style>\/*! elementor - v3.12.1 - 02-04-2023 *\/\n.elementor-widget-text-editor.elementor-drop-cap-view-stacked .elementor-drop-cap{background-color:#69727d;color:#fff}.elementor-widget-text-editor.elementor-drop-cap-view-framed .elementor-drop-cap{color:#69727d;border:3px solid;background-color:transparent}.elementor-widget-text-editor:not(.elementor-drop-cap-view-default) .elementor-drop-cap{margin-top:8px}.elementor-widget-text-editor:not(.elementor-drop-cap-view-default) .elementor-drop-cap-letter{width:1em;height:1em}.elementor-widget-text-editor .elementor-drop-cap{float:left;text-align:center;line-height:1;font-size:50px}.elementor-widget-text-editor .elementor-drop-cap-letter{display:inline-block}<\/style>\t\t\t\t<p>En vertu de l\u2019article 6 de la loi n\u00b0 2004-575 du 21 juin 2004 pour la confiance dans l\u2019\u00e9conomie num\u00e9rique, il est pr\u00e9cis\u00e9 aux utilisateurs du site https:\/\/omega-gestion.fr l\u2019identit\u00e9 des diff\u00e9rents intervenants dans le cadre de sa r\u00e9alisation et de son suivi.<\/p>\t\t\t\t\t\t<\/div>\n\t\t\t\t<\/div>\n\t\t\t\t\t<\/div>\n\t\t<\/div>\n\t\t\t\t\t\t\t<\/div>\n\t\t<\/section>\n\t\t\t\t<section class=\"elementor-section elementor-top-section elementor-element elementor-element-d134790 elementor-section-boxed elementor-section-height-default elementor-section-height-default\" data-id=\"d134790\" data-element_type=\"section\">\n\t\t\t\t\t\t<div class=\"elementor-container elementor-column-gap-default\">\n\t\t\t\t\t<div class=\"elementor-column elementor-col-100 elementor-top-column elementor-element elementor-element-d1b6811\" data-id=\"d1b6811\" data-element_type=\"column\">\n\t\t\t<div class=\"elementor-widget-wrap elementor-element-populated\">\n\t\t\t\t\t\t\t\t<div class=\"elementor-element elementor-element-3a9ebcb elementor-widget elementor-widget-text-editor\" data-id=\"3a9ebcb\" data-element_type=\"widget\" data-widget_type=\"text-editor.default\">\n\t\t\t\t<div class=\"elementor-widget-container\">\n\t\t\t\t\t\t\t<p><strong>Propri\u00e9taire:<\/strong><\/p><p>Marion ESQUENET\u00a0<\/p><p><blockquote class=\"wp-embedded-content\" data-secret=\"rwnW8LjNOg\"><a href=\"https:\/\/omega-gestion.fr\/\">Accueil<\/a><\/blockquote><iframe loading=\"lazy\" class=\"wp-embedded-content\" sandbox=\"allow-scripts\" security=\"restricted\" style=\"position: absolute; visibility: hidden;\" title=\"\u00ab\u00a0Accueil\u00a0\u00bb &#8212; Omega Gestion\" src=\"https:\/\/omega-gestion.fr\/?embed=true#?secret=NDPrsADjsw#?secret=rwnW8LjNOg\" data-secret=\"rwnW8LjNOg\" width=\"500\" height=\"282\" frameborder=\"0\" marginwidth=\"0\" marginheight=\"0\" scrolling=\"no\"><\/iframe><\/p><p>\u00a0<\/p><p><strong>Informations l\u00e9gales:<\/strong><\/p><p>SIRET: 947 610 085 00013<\/p><p>RM CMA Hauts-de-France<\/p><p>Code APET: 8211Z<\/p><p>\u00a0<\/p><p><strong>Adresse:<\/strong>\u00a0<\/p><p>73, rue Jean de la Fontaine 59147 GONDECOURT<\/p><p>\u00a0<\/p><p><strong>Cr\u00e9dits conception:\u00a0<\/strong><\/p><p>Marion ESQUENET\u00a0<\/p><p>\u00a0<\/p><p><strong>H\u00e9bergement:<\/strong>\u00a0<\/p><p>OVH S.A.S. &#8211; 2, rue Kellerman &#8211; 59100 ROUBAIX<\/p><p>\u00a0<\/p>\t\t\t\t\t\t<\/div>\n\t\t\t\t<\/div>\n\t\t\t\t\t<\/div>\n\t\t<\/div>\n\t\t\t\t\t\t\t<\/div>\n\t\t<\/section>\n\t\t\t\t<section class=\"elementor-section elementor-top-section elementor-element elementor-element-e01876f elementor-section-boxed elementor-section-height-default elementor-section-height-default\" data-id=\"e01876f\" data-element_type=\"section\">\n\t\t\t\t\t\t<div class=\"elementor-container elementor-column-gap-default\">\n\t\t\t\t\t<div class=\"elementor-column elementor-col-100 elementor-top-column elementor-element elementor-element-4b7c11f\" data-id=\"4b7c11f\" data-element_type=\"column\">\n\t\t\t<div class=\"elementor-widget-wrap elementor-element-populated\">\n\t\t\t\t\t\t\t\t<div class=\"elementor-element elementor-element-257adf5 elementor-widget__width-initial elementor-widget elementor-widget-text-editor\" data-id=\"257adf5\" data-element_type=\"widget\" data-widget_type=\"text-editor.default\">\n\t\t\t\t<div class=\"elementor-widget-container\">\n\t\t\t\t\t\t\t<p>\u00a0<\/p><p><strong>Confidentialit\u00e9:\u00a0<\/strong><\/p><p>Marion ESQUENET et son site www.omega-gestion.fr s&rsquo;engagent \u00e0 ne pas divulguer \u00e0 des tiers les informations que vous nous communiqueriez. Celles-ci sont confidentielles. Elles ne seront utilis\u00e9es par ses services internes que dans le cadre de l&rsquo;ex\u00e9cution de votre demande et dans la limite stricte de votre besoin.\u00a0<\/p><p><strong>Informatique et libert\u00e9 (CNIL)\u00a0<\/strong><\/p><p>Pour l&rsquo;ex\u00e9cution d&rsquo;une prestation, \u00e0 des fins de contact et pour assurer le suivi des missions, Marion ESQUENET, responsable du traitement, doit traiter vos donn\u00e9es \u00e0 caract\u00e8re personnel (nom, pr\u00e9nom, t\u00e9l\u00e9phone, email) sous la base l\u00e9gale du contrat. Seuls nos collaborateurs habilit\u00e9s y auront acc\u00e8s. Elles seront stock\u00e9es chez nos sous-traitants d&rsquo;infrastructures IT (Google pour la messagerie et la suite bureautique et OVH pour les outils techniques) et, en aucun cas, ne seront transmises \u00e0 d&rsquo;autres soci\u00e9t\u00e9s tierces. Vos donn\u00e9es seront conserv\u00e9es pendant le temps n\u00e9cessaire \u00e0 notre relation contractuelle, puis archiv\u00e9es pour une dur\u00e9e de 5 ans. Vous disposez d&rsquo;un droit d&rsquo;acc\u00e8s, effacement, rectification, limitation, portabilit\u00e9 des donn\u00e9es qui vous concernent. Si vous estimez, apr\u00e8s nous avoir contact\u00e9s, que vos droits sur vos donn\u00e9es ne sont pas respect\u00e9s, vous pouvez adresser une r\u00e9clamation \u00e0 CNIL (www.cnil.fr). Pour exercer vos droits ou pour toute question concernant le traitement de ces donn\u00e9es, vous pouvez nous contacter par mail: contact@omega-gestion.fr<\/p><p><strong>Liens et sites partenaires<\/strong><\/p><p>Les liens pr\u00e9sents sur le site www.omega-gestion.fr peuvent orienter l&rsquo;utilisateur sur des sites ext\u00e9rieurs dont le contenu ne peut en aucune mani\u00e8re engager la responsabilit\u00e9 de la r\u00e9daction du site www.omega-gestion.fr.\u00a0<\/p><p><strong>Propri\u00e9t\u00e9 intellectuelle<\/strong><\/p><p>Tous les textes, commentaires, ouvrages, illustrations et images reproduits sur le site www.omega-gestion.fr sont r\u00e9serv\u00e9s au titre de droit d&rsquo;auteur ainsi qu&rsquo;\u00e0 titre de la Propri\u00e9t\u00e9 Intellectuelle et pour le monde entier sauf mention contraire. \u00c0 ce titre et conform\u00e9ment aux dispositions du Code la Propri\u00e9t\u00e9 Intellectuelle, seule est autoris\u00e9e l&rsquo;utilisation pour un usage priv\u00e9 sous r\u00e9serve de dispositions diff\u00e9rentes voire plus restrictives du Code de la Propri\u00e9t\u00e9 Intellectuelle. Toute autre utilisation est constitutive de contrefa\u00e7on et sanctionn\u00e9e au titre de la Propri\u00e9t\u00e9 Intellectuelle saut autorisation pr\u00e9alable de Marion ESQUENET. Toute reproduction totale ou partielle du site www.omega-gestion.fr est strictement interdite. Toute tentative donnera lieu \u00e0 des poursuites.<\/p><p>En se connectant sur le site www.omega-gestion.fr, l&rsquo;internaute s&rsquo;interdit de copier ou t\u00e9l\u00e9charger tout ou partie de son contenu, sauf autorisation pr\u00e9alable et expresse de son propri\u00e9taire.\u00a0<\/p>\t\t\t\t\t\t<\/div>\n\t\t\t\t<\/div>\n\t\t\t\t\t<\/div>\n\t\t<\/div>\n\t\t\t\t\t\t\t<\/div>\n\t\t<\/section>\n\t\t\t\t\t\t\t<\/div>\n\t\t","protected":false},"excerpt":{"rendered":"<p>MENTIONS L\u00c9GALES PR\u00c9SENTATION DU SITE En vertu de l\u2019article 6 de la loi n\u00b0 2004-575 du 21 juin 2004 pour la confiance dans l\u2019\u00e9conomie num\u00e9rique, il est pr\u00e9cis\u00e9 aux utilisateurs du site https:\/\/omega-gestion.fr l\u2019identit\u00e9 des diff\u00e9rents intervenants dans le cadre de sa r\u00e9alisation et de son suivi. Propri\u00e9taire: Marion ESQUENET\u00a0 Accueil \u00a0 Informations l\u00e9gales: SIRET: &hellip;<\/p>\n<p class=\"read-more\"> <a class=\"\" href=\"https:\/\/omega-gestion.fr\/?page_id=1458\"> <span class=\"screen-reader-text\">Mentions l\u00e9gales<\/span> Lire la suite\u00a0\u00bb<\/a><\/p>\n","protected":false},"author":1,"featured_media":0,"parent":0,"menu_order":0,"comment_status":"closed","ping_status":"closed","template":"","meta":{"site-sidebar-layout":"no-sidebar","site-content-layout":"page-builder","ast-global-header-display":"","ast-main-header-display":"","ast-hfb-above-header-display":"","ast-hfb-below-header-display":"","ast-hfb-mobile-header-display":"","site-post-title":"disabled","ast-breadcrumbs-content":"","ast-featured-img":"disabled","footer-sml-layout":"","theme-transparent-header-meta":"","adv-header-id-meta":"","stick-header-meta":"","header-above-stick-meta":"","header-main-stick-meta":"","header-below-stick-meta":"","footnotes":""},"class_list":["post-1458","page","type-page","status-publish","hentry"],"_links":{"self":[{"href":"https:\/\/omega-gestion.fr\/index.php?rest_route=\/wp\/v2\/pages\/1458","targetHints":{"allow":["GET"]}}],"collection":[{"href":"https:\/\/omega-gestion.fr\/index.php?rest_route=\/wp\/v2\/pages"}],"about":[{"href":"https:\/\/omega-gestion.fr\/index.php?rest_route=\/wp\/v2\/types\/page"}],"author":[{"embeddable":true,"href":"https:\/\/omega-gestion.fr\/index.php?rest_route=\/wp\/v2\/users\/1"}],"replies":[{"embeddable":true,"href":"https:\/\/omega-gestion.fr\/index.php?rest_route=%2Fwp%2Fv2%2Fcomments&post=1458"}],"version-history":[{"count":16,"href":"https:\/\/omega-gestion.fr\/index.php?rest_route=\/wp\/v2\/pages\/1458\/revisions"}],"predecessor-version":[{"id":1523,"href":"https:\/\/omega-gestion.fr\/index.php?rest_route=\/wp\/v2\/pages\/1458\/revisions\/1523"}],"wp:attachment":[{"href":"https:\/\/omega-gestion.fr\/index.php?rest_route=%2Fwp%2Fv2%2Fmedia&parent=1458"}],"curies":[{"name":"wp","href":"https:\/\/api.w.org\/{rel}","templated":true}]}}